{"id":3002,"date":"2020-11-26T18:21:06","date_gmt":"2020-11-26T17:21:06","guid":{"rendered":"https:\/\/wsi-capital.com\/?post_type=product&#038;p=3002"},"modified":"2021-11-08T13:33:21","modified_gmt":"2021-11-08T12:33:21","slug":"quantitativ-klasse-3","status":"publish","type":"product","link":"https:\/\/wsi-capital.com\/de\/product\/quantitativ-klasse-3\/","title":{"rendered":"Quantitativ &#8211; Klasse 3"},"content":{"rendered":"<h4 class=\"mb-2 pb-1\">Klasse 3: Das Erkennen von Liquidit\u00e4tszonen<\/h4>\n<p>Welche Chartzonen dazu genutzt werden sollten um Trades zu er\u00f6ffnen ist eine der Schl\u00fcsselfragen in der Tradingszene. In dieser Klasse wird diese Frage eindrucksvoll beantwortet. Anhand von diversen Chartbeispielen wird der genaue Vorgang zur Identifikation wichtiger Liquiditit\u00e4tszonen einleuchtend aufgzeigt. Dar\u00fcberhinaus wird die Setzung von Stop Lossen und Take Profits erkl\u00e4rt. Die besprochenen technischen Konzepte kn\u00fcpfen natlos an die quantitativen Logiken der ersten beiden Klassen an.<\/p>\n<p><b>Dauer: <\/b>1 Stunde 30 Minuten<br \/><b>Datum: <\/b>Nach pers\u00f6nlicher Vereinbarung.<br \/><b>Teilnahmebedingung: <\/b>buchen\/absolvieren der Klassen 1 und 2<span class=\"pl-1\" ><span class=\"d-inline-block\" data-toggle=\"tooltip\" title=\"Klassen dieses Kurses m\u00fcssen fortlaufend gebucht und absolviert werden, beginnend mit Klasse 1.\" data-placement=\"bottom\" data-html=\"false\"><i class=\"fas fa-info-circle text-success\"><\/i><\/span><\/span><\/p>\n","protected":false},"excerpt":{"rendered":"<div class=\"pt-2 pb-2\">\n<b>Das Erkennen von Liquidit\u00e4tszonen<\/b><br \/>\nWSI Video Coaching, Dein Coach: Meikel Mokry (ex Wall Street Trader)<br \/>\n1 Benutzer pro Video Freischaltung<\/p>\n<p><span>Der Termin f\u00fcr die Ansicht des Videos wird<br \/>\nnach gegenseitiger Absprache vereinbart.<\/span><\/div>\n","protected":false},"featured_media":222,"template":"","meta":[],"product_brand":[],"product_cat":[112,54],"product_tag":[],"class_list":{"0":"post-3002","1":"product","2":"type-product","3":"status-publish","4":"has-post-thumbnail","6":"product_cat-coaching-videos","7":"product_cat-quantitatives-wahrscheinlichkeitstrading","9":"first","10":"instock","11":"virtual","12":"taxable","13":"purchasable","14":"product-type-simple"},"acf":[],"_links":{"self":[{"href":"https:\/\/wsi-capital.com\/de\/wp-json\/wp\/v2\/product\/3002","targetHints":{"allow":["GET"]}}],"collection":[{"href":"https:\/\/wsi-capital.com\/de\/wp-json\/wp\/v2\/product"}],"about":[{"href":"https:\/\/wsi-capital.com\/de\/wp-json\/wp\/v2\/types\/product"}],"wp:featuredmedia":[{"embeddable":true,"href":"https:\/\/wsi-capital.com\/de\/wp-json\/wp\/v2\/media\/222"}],"wp:attachment":[{"href":"https:\/\/wsi-capital.com\/de\/wp-json\/wp\/v2\/media?parent=3002"}],"wp:term":[{"taxonomy":"product_brand","embeddable":true,"href":"https:\/\/wsi-capital.com\/de\/wp-json\/wp\/v2\/product_brand?post=3002"},{"taxonomy":"product_cat","embeddable":true,"href":"https:\/\/wsi-capital.com\/de\/wp-json\/wp\/v2\/product_cat?post=3002"},{"taxonomy":"product_tag","embeddable":true,"href":"https:\/\/wsi-capital.com\/de\/wp-json\/wp\/v2\/product_tag?post=3002"}],"curies":[{"name":"wp","href":"https:\/\/api.w.org\/{rel}","templated":true}]}}