{"id":3005,"date":"2020-11-26T22:05:23","date_gmt":"2020-11-26T21:05:23","guid":{"rendered":"https:\/\/wsi-capital.com\/?post_type=product&#038;p=3005"},"modified":"2021-11-08T13:50:49","modified_gmt":"2021-11-08T12:50:49","slug":"technisch-klasse-1","status":"publish","type":"product","link":"https:\/\/wsi-capital.com\/de\/product\/technisch-klasse-1\/","title":{"rendered":"Technisch &#8211; Klasse 1"},"content":{"rendered":"<h4 class=\"mb-2 pb-1\">Klasse 1: Liquidit\u00e4tszonen &#038; Trade Setups<\/h4>\n<p>Charts und deren Verl\u00e4ufe visualisieren das Gleichgewicht zwischen K\u00e4ufern und Verk\u00e4ufern. Traden wir in eine K\u00e4uferzone hinein, f\u00e4ngt der Kurs an zu steigen. N\u00e4hern wir uns einer Verk\u00e4uferzone, stehen fallende Kurse bevor. Die richtigen K\u00e4ufer- und Verk\u00e4uferzonen zu identifizieren und diese mit dem aktuellen Trend zu kombinieren ist das Thema dieses Kurses. Ein- und Ausstiegsregeln resultieren aus diesen glasklaren, von institutionellen Tradern genutzten technischen Regeln.<\/p>\n<p><b>Dauer: <\/b>1 Stunde 30 Minuten<br \/><b>Datum: <\/b>Nach pers\u00f6nlicher Vereinbarung.<\/p>\n","protected":false},"excerpt":{"rendered":"<div class=\"pt-2 pb-2\">\n<b>Liquidit\u00e4tszonen &amp; Trade Setups<\/b><br \/>\nWSI Video Coaching, Dein Coach: Meikel Mokry (ex Wall Street Trader)<br \/>\n1 Benutzer pro Video Freischaltung<\/p>\n<p><span>Der Termin f\u00fcr die Ansicht des Videos wird<br \/>\nnach gegenseitiger Absprache vereinbart.<\/span><\/div>\n","protected":false},"featured_media":233,"template":"","meta":[],"product_brand":[],"product_cat":[112,57],"product_tag":[],"class_list":{"0":"post-3005","1":"product","2":"type-product","3":"status-publish","4":"has-post-thumbnail","6":"product_cat-coaching-videos","7":"product_cat-technisch","9":"first","10":"instock","11":"virtual","12":"taxable","13":"purchasable","14":"product-type-simple"},"acf":[],"_links":{"self":[{"href":"https:\/\/wsi-capital.com\/de\/wp-json\/wp\/v2\/product\/3005","targetHints":{"allow":["GET"]}}],"collection":[{"href":"https:\/\/wsi-capital.com\/de\/wp-json\/wp\/v2\/product"}],"about":[{"href":"https:\/\/wsi-capital.com\/de\/wp-json\/wp\/v2\/types\/product"}],"wp:featuredmedia":[{"embeddable":true,"href":"https:\/\/wsi-capital.com\/de\/wp-json\/wp\/v2\/media\/233"}],"wp:attachment":[{"href":"https:\/\/wsi-capital.com\/de\/wp-json\/wp\/v2\/media?parent=3005"}],"wp:term":[{"taxonomy":"product_brand","embeddable":true,"href":"https:\/\/wsi-capital.com\/de\/wp-json\/wp\/v2\/product_brand?post=3005"},{"taxonomy":"product_cat","embeddable":true,"href":"https:\/\/wsi-capital.com\/de\/wp-json\/wp\/v2\/product_cat?post=3005"},{"taxonomy":"product_tag","embeddable":true,"href":"https:\/\/wsi-capital.com\/de\/wp-json\/wp\/v2\/product_tag?post=3005"}],"curies":[{"name":"wp","href":"https:\/\/api.w.org\/{rel}","templated":true}]}}