{"id":3006,"date":"2020-11-26T22:17:32","date_gmt":"2020-11-26T21:17:32","guid":{"rendered":"https:\/\/wsi-capital.com\/?post_type=product&#038;p=3006"},"modified":"2021-11-08T13:51:18","modified_gmt":"2021-11-08T12:51:18","slug":"technisch-klasse-2","status":"publish","type":"product","link":"https:\/\/wsi-capital.com\/de\/product\/technisch-klasse-2\/","title":{"rendered":"Technisch &#8211; Klasse 2"},"content":{"rendered":"<h4 class=\"mb-2 pb-1\">Klasse 2: Fortgeschrittene Chart-Formationen<\/h4>\n<p>Die Identifizierung und Interpretation relevanter Chartformationen ist eine F\u00e4higkeit, die einen ma\u00dfgeblichen Teil zum Tradingerfolg beitr\u00e4gt. In dieser Klasse werden eine Reihe essenzieller fortgeschrittener Chartformationen aufgezeigt und mit einleuchtenden Beispielen erkl\u00e4rt. Entdecke die Nuancen der Charttechnik, die oft den Unterscheid zwischen Gewinn und Verlust ausmachen.<\/p>\n<p><b>Dauer: <\/b>1 Stunde 30 Minuten<br \/><b>Datum: <\/b>Nach pers\u00f6nlicher Vereinbarung.<br \/><b>Teilnahmebedingung: <\/b>buchen\/absolvieren der Klasse 1<span class=\"pl-1\" ><span class=\"d-inline-block\" data-toggle=\"tooltip\" title=\"Klassen dieses Kurses m\u00fcssen fortlaufend gebucht und absolviert werden, beginnend mit Klasse 1.\" data-placement=\"bottom\" data-html=\"false\"><i class=\"fas fa-info-circle text-success\"><\/i><\/span><\/span><\/p>\n","protected":false},"excerpt":{"rendered":"<div class=\"pt-2 pb-2\">\n<b>Fortgeschrittene Chart-Formationen<\/b><br \/>\nWSI Video Coaching, Dein Coach: Meikel Mokry (ex Wall Street Trader)<br \/>\n1 Benutzer pro Video Freischaltung<\/p>\n<p><span>Der Termin f\u00fcr die Ansicht des Videos wird<br \/>\nnach gegenseitiger Absprache vereinbart.<\/span><\/div>\n","protected":false},"featured_media":234,"template":"","meta":[],"product_brand":[],"product_cat":[112,57],"product_tag":[],"class_list":{"0":"post-3006","1":"product","2":"type-product","3":"status-publish","4":"has-post-thumbnail","6":"product_cat-coaching-videos","7":"product_cat-technisch","9":"first","10":"instock","11":"virtual","12":"taxable","13":"purchasable","14":"product-type-simple"},"acf":[],"_links":{"self":[{"href":"https:\/\/wsi-capital.com\/de\/wp-json\/wp\/v2\/product\/3006","targetHints":{"allow":["GET"]}}],"collection":[{"href":"https:\/\/wsi-capital.com\/de\/wp-json\/wp\/v2\/product"}],"about":[{"href":"https:\/\/wsi-capital.com\/de\/wp-json\/wp\/v2\/types\/product"}],"wp:featuredmedia":[{"embeddable":true,"href":"https:\/\/wsi-capital.com\/de\/wp-json\/wp\/v2\/media\/234"}],"wp:attachment":[{"href":"https:\/\/wsi-capital.com\/de\/wp-json\/wp\/v2\/media?parent=3006"}],"wp:term":[{"taxonomy":"product_brand","embeddable":true,"href":"https:\/\/wsi-capital.com\/de\/wp-json\/wp\/v2\/product_brand?post=3006"},{"taxonomy":"product_cat","embeddable":true,"href":"https:\/\/wsi-capital.com\/de\/wp-json\/wp\/v2\/product_cat?post=3006"},{"taxonomy":"product_tag","embeddable":true,"href":"https:\/\/wsi-capital.com\/de\/wp-json\/wp\/v2\/product_tag?post=3006"}],"curies":[{"name":"wp","href":"https:\/\/api.w.org\/{rel}","templated":true}]}}