{"id":3007,"date":"2020-11-26T22:22:40","date_gmt":"2020-11-26T21:22:40","guid":{"rendered":"https:\/\/wsi-capital.com\/?post_type=product&#038;p=3007"},"modified":"2021-11-08T13:51:41","modified_gmt":"2021-11-08T12:51:41","slug":"technisch-klasse-3","status":"publish","type":"product","link":"https:\/\/wsi-capital.com\/de\/product\/technisch-klasse-3\/","title":{"rendered":"Technisch &#8211; Klasse 3"},"content":{"rendered":"<h4 class=\"mb-2 pb-1\">Klasse 3: Multiple Timeframe Analyse<\/h4>\n<p>Chartformationen kristalisieren sich auf verschiedenen Zeitebenen. Vom 1-Minuten Chart bis hin zum 1-Monatschart &#8211; alles ist m\u00f6glich. Welche Zeiteinheiten sind am aussagekr\u00e4ftigsten und wie analysieren wir Charts zeitunabh\u00e4ngig? Diese und andere Fragen werden in diesem klar strukturierten Kurs behandelt.<\/p>\n<p><b>Dauer: <\/b>1 Stunde 30 Minuten<br \/><b>Datum: <\/b>Nach pers\u00f6nlicher Vereinbarung.<br \/><b>Teilnahmebedingung: <\/b>buchen\/absolvieren der Klassen 1 und 2<span class=\"pl-1\" ><span class=\"d-inline-block\" data-toggle=\"tooltip\" title=\"Klassen dieses Kurses m\u00fcssen fortlaufend gebucht und absolviert werden, beginnend mit Klasse 1.\" data-placement=\"bottom\" data-html=\"false\"><i class=\"fas fa-info-circle text-success\"><\/i><\/span><\/span><\/p>\n","protected":false},"excerpt":{"rendered":"<div class=\"pt-2 pb-2\">\n<b>Multiple Timeframe Analyse<\/b><br \/>\nWSI Video Coaching, Dein Coach: Meikel Mokry (ex Wall Street Trader)<br \/>\n1 Benutzer pro Video Freischaltung<\/p>\n<p><span>Der Termin f\u00fcr die Ansicht des Videos wird<br \/>\nnach gegenseitiger Absprache vereinbart.<\/span><\/div>\n","protected":false},"featured_media":235,"template":"","meta":[],"product_brand":[],"product_cat":[112,57],"product_tag":[],"class_list":{"0":"post-3007","1":"product","2":"type-product","3":"status-publish","4":"has-post-thumbnail","6":"product_cat-coaching-videos","7":"product_cat-technisch","9":"first","10":"instock","11":"virtual","12":"taxable","13":"purchasable","14":"product-type-simple"},"acf":[],"_links":{"self":[{"href":"https:\/\/wsi-capital.com\/de\/wp-json\/wp\/v2\/product\/3007","targetHints":{"allow":["GET"]}}],"collection":[{"href":"https:\/\/wsi-capital.com\/de\/wp-json\/wp\/v2\/product"}],"about":[{"href":"https:\/\/wsi-capital.com\/de\/wp-json\/wp\/v2\/types\/product"}],"wp:featuredmedia":[{"embeddable":true,"href":"https:\/\/wsi-capital.com\/de\/wp-json\/wp\/v2\/media\/235"}],"wp:attachment":[{"href":"https:\/\/wsi-capital.com\/de\/wp-json\/wp\/v2\/media?parent=3007"}],"wp:term":[{"taxonomy":"product_brand","embeddable":true,"href":"https:\/\/wsi-capital.com\/de\/wp-json\/wp\/v2\/product_brand?post=3007"},{"taxonomy":"product_cat","embeddable":true,"href":"https:\/\/wsi-capital.com\/de\/wp-json\/wp\/v2\/product_cat?post=3007"},{"taxonomy":"product_tag","embeddable":true,"href":"https:\/\/wsi-capital.com\/de\/wp-json\/wp\/v2\/product_tag?post=3007"}],"curies":[{"name":"wp","href":"https:\/\/api.w.org\/{rel}","templated":true}]}}