{"id":3009,"date":"2020-11-26T22:35:03","date_gmt":"2020-11-26T21:35:03","guid":{"rendered":"https:\/\/wsi-capital.com\/?post_type=product&#038;p=3009"},"modified":"2021-11-08T13:32:55","modified_gmt":"2021-11-08T12:32:55","slug":"quantitativ-klasse-2","status":"publish","type":"product","link":"https:\/\/wsi-capital.com\/de\/product\/quantitativ-klasse-2\/","title":{"rendered":"Quantitativ &#8211; Klasse 2"},"content":{"rendered":"<h4 class=\"mb-2 pb-1\">Klasse 2: Positionsgr\u00f6\u00dfenberechnung &#038; Risikomanagement<\/h4>\n<p>Die Aspekte der in Klasse 1 besprochenen Wahrscheinlichkeitsstheorie werden in die Praxis umgesetz. Es wird aufgezeigt, warum eine variable Anpassung der Positionsgr\u00f6\u00dfe f\u00fcr jeden Trade langfristig zu enormen Renditevorteilen f\u00fchrt. Essenzielle Aspekte des Risikomanagements und der Positionsgr\u00f6\u00dfenberechnung werden hier in der Tiefe erkl\u00e4rt. Nach dieser Klasse k\u00f6nnen die ersten wichtigen Regeln des Systems auch schon in die Praxis umgesetzt werden.<\/p>\n<p><b>Dauer: <\/b>1 Stunde 30 Minuten<br \/><b>Datum: <\/b>Nach pers\u00f6nlicher Vereinbarung.<br \/><b>Teilnahmebedingung: <\/b>buchen\/absolvieren der Klasse 1<span class=\"pl-1\" ><span class=\"d-inline-block\" data-toggle=\"tooltip\" title=\"Klassen dieses Kurses m\u00fcssen fortlaufend gebucht und absolviert werden, beginnend mit Klasse 1.\" data-placement=\"bottom\" data-html=\"false\"><i class=\"fas fa-info-circle text-success\"><\/i><\/span><\/span><\/p>\n","protected":false},"excerpt":{"rendered":"<div class=\"pt-2 pb-2\">\n<b>Positionsgr\u00f6\u00dfenberechnung &#038; Risikomanagement<\/b><br \/>\nWSI Video Coaching, Dein Coach: Meikel Mokry (ex Wall Street Trader)<br \/>\n1 Benutzer pro Video Freischaltung<\/p>\n<p><span>Der Termin f\u00fcr die Ansicht des Videos wird<br \/>\nnach gegenseitiger Absprache vereinbart.<\/span><\/div>\n","protected":false},"featured_media":221,"template":"","meta":[],"product_brand":[],"product_cat":[112,54],"product_tag":[],"class_list":{"0":"post-3009","1":"product","2":"type-product","3":"status-publish","4":"has-post-thumbnail","6":"product_cat-coaching-videos","7":"product_cat-quantitatives-wahrscheinlichkeitstrading","9":"first","10":"instock","11":"virtual","12":"taxable","13":"purchasable","14":"product-type-simple"},"acf":[],"_links":{"self":[{"href":"https:\/\/wsi-capital.com\/de\/wp-json\/wp\/v2\/product\/3009","targetHints":{"allow":["GET"]}}],"collection":[{"href":"https:\/\/wsi-capital.com\/de\/wp-json\/wp\/v2\/product"}],"about":[{"href":"https:\/\/wsi-capital.com\/de\/wp-json\/wp\/v2\/types\/product"}],"wp:featuredmedia":[{"embeddable":true,"href":"https:\/\/wsi-capital.com\/de\/wp-json\/wp\/v2\/media\/221"}],"wp:attachment":[{"href":"https:\/\/wsi-capital.com\/de\/wp-json\/wp\/v2\/media?parent=3009"}],"wp:term":[{"taxonomy":"product_brand","embeddable":true,"href":"https:\/\/wsi-capital.com\/de\/wp-json\/wp\/v2\/product_brand?post=3009"},{"taxonomy":"product_cat","embeddable":true,"href":"https:\/\/wsi-capital.com\/de\/wp-json\/wp\/v2\/product_cat?post=3009"},{"taxonomy":"product_tag","embeddable":true,"href":"https:\/\/wsi-capital.com\/de\/wp-json\/wp\/v2\/product_tag?post=3009"}],"curies":[{"name":"wp","href":"https:\/\/api.w.org\/{rel}","templated":true}]}}