{"id":3010,"date":"2020-11-26T22:41:59","date_gmt":"2020-11-26T21:41:59","guid":{"rendered":"https:\/\/wsi-capital.com\/?post_type=product&#038;p=3010"},"modified":"2022-01-01T23:02:16","modified_gmt":"2022-01-01T22:02:16","slug":"technisch-klassen-1-4","status":"publish","type":"product","link":"https:\/\/wsi-capital.com\/de\/product\/technisch-klassen-1-4\/","title":{"rendered":"Technisch &#8211; Klassen 1 &#8211; 4"},"content":{"rendered":"<h4 class=\"mb-3\">Technisches Intensivcoaching Klassen 1 bis 4<\/h4>\n<div class=\"row pb-md-0 pt-md-1\">\n<div class=\"col-12 col-md-12 pl-md-12 text-left align-top pr-md-3\">\n<div class=\"media\">\n<i class=\"fas fa-check pr-2 text-success\" style=\"padding-top:4px;\"><\/i><\/p>\n<div class=\"media-body\">\n<h5 class=\"mt-0\">Lerne direkt vom ex Wall Street Trader<\/h5>\n<\/div>\n<\/div>\n<div class=\"media\">\n<i class=\"fas fa-check pr-2 text-success\" style=\"padding-top:4px;\"><\/i><\/p>\n<div class=\"media-body\">\n<h5 class=\"mt-0\">Werde zum Vollprofi der technischen Analyse<\/h5>\n<\/div>\n<\/div>\n<div class=\"media\">\n<i class=\"fas fa-check pr-2 text-success\" style=\"padding-top:4px;\"><\/i><\/p>\n<div class=\"media-body\">\n<h5 class=\"mt-0\">Scalping- &#038; Swingtrading Strategien<\/h5>\n<\/div>\n<\/div>\n<div class=\"media\">\n<i class=\"fas fa-check pr-2 text-success\" style=\"padding-top:4px;\"><\/i><\/p>\n<div class=\"media-body\">\n<h5 class=\"mt-0\">Multiple Timeframe Analyse: Von D1 bis M1<\/h5>\n<\/div>\n<\/div>\n<div class=\"media\">\n<i class=\"fas fa-check pr-2 text-success\" style=\"padding-top:4px;\"><\/i><\/p>\n<div class=\"media-body\">\n<h5 class=\"mt-0\">Trend- und Zonenanalyse perfekt verstehen<\/h5>\n<\/div>\n<\/div>\n<div class=\"media\">\n<i class=\"fas fa-check pr-2 text-success\" style=\"padding-top:4px;\"><\/i><\/p>\n<div class=\"media-body\">\n<h5 class=\"mt-0\">Tradingsetups mit sehr hoher Wahrscheinlichkeit<\/h5>\n<\/div>\n<\/div>\n<div class=\"media\">\n<i class=\"fas fa-check pr-2 text-info\" style=\"padding-top:4px;\"><\/i><\/p>\n<div class=\"media-body\">\n<h5 class=\"mt-0\">4 x 90 Minuten (einzeln buchbar)<\/h5>\n<\/div>\n<\/div>\n<div class=\"media\">\n<i class=\"fas fa-check pr-2 text-info\" style=\"padding-top:4px;\"><\/i><\/p>\n<div class=\"media-body\">\n<h5 class=\"mt-0\">Video-Coaching und LIVE Fragesession<\/h5>\n<\/div>\n<\/div>\n<div class=\"media\">\n<i class=\"fas fa-check pr-2 text-info\" style=\"padding-top:4px;\"><\/i><\/p>\n<div class=\"media-body\">\n<h5 class=\"mt-0\">Videos, PDFs<\/h5>\n<\/div>\n<\/div>\n<\/div>\n<\/div>\n<p><\/p>\n<hr>\n<div>\n<h4 class=\"mb-2 pb-1\">Klasse 1: Liquidit\u00e4tszonen &#038; Trade Setups<\/h4>\n<p>Charts und deren Verl\u00e4ufe visualisieren das Gleichgewicht zwischen K\u00e4ufern und Verk\u00e4ufern. Traden wir in eine K\u00e4uferzone hinein, f\u00e4ngt der Kurs an zu steigen. N\u00e4hern wir uns einer Verk\u00e4uferzone, stehen fallende Kurse bevor. Die richtigen K\u00e4ufer- und Verk\u00e4uferzonen zu identifizieren und diese mit dem aktuellen Trend zu kombinieren ist das Thema dieses Kurses. Ein- und Ausstiegsregeln resultieren aus diesen glasklaren, von institutionellen Tradern genutzten technischen Regeln.<\/p>\n<p><b>Dauer: <\/b>1 Stunde 30 Minuten<br \/><b>Datum: <\/b>Nach pers\u00f6nlicher Vereinbarung.<\/p>\n<hr>\n<\/div>\n<div>\n<h4 class=\"mb-2 pb-1\">Klasse 2: Fortgeschrittene Chart-Formationen<\/h4>\n<p>Die Identifizierung und Interpretation relevanter Chartformationen ist eine F\u00e4higkeit, die einen ma\u00dfgeblichen Teil zum Tradingerfolg beitr\u00e4gt. In dieser Klasse werden eine Reihe essenzieller fortgeschrittener Chartformationen aufgezeigt und mit einleuchtenden Beispielen erkl\u00e4rt. Entdecke die Nuancen der Charttechnik, die oft den Unterscheid zwischen Gewinn und Verlust ausmachen.<\/p>\n<p><b>Dauer: <\/b>1 Stunde 30 Minuten<br \/><b>Datum: <\/b>Nach pers\u00f6nlicher Vereinbarung.<br \/><b>Teilnahmebedingung: <\/b>buchen\/absolvieren der Klasse 1<span class=\"pl-1\" ><span class=\"d-inline-block\" data-toggle=\"tooltip\" title=\"Klassen dieses Kurses m\u00fcssen fortlaufend gebucht und absolviert werden, beginnend mit Klasse 1.\" data-placement=\"bottom\" data-html=\"false\"><i class=\"fas fa-info-circle text-success\"><\/i><\/span><\/span><\/p>\n<hr>\n<\/div>\n<div>\n<h4 class=\"mb-2 pb-1\">Klasse 3: Multiple Timeframe Analyse<\/h4>\n<p>Chartformationen kristalisieren sich auf verschiedenen Zeitebenen. Vom 1-Minuten Chart bis hin zum 1-Monatschart &#8211; alles ist m\u00f6glich. Welche Zeiteinheiten sind am aussagekr\u00e4ftigsten und wie analysieren wir Charts zeitunabh\u00e4ngig? Diese und andere Fragen werden in diesem klar strukturierten Kurs behandelt.<\/p>\n<p><b>Dauer: <\/b>1 Stunde 30 Minuten<br \/><b>Datum: <\/b>Nach pers\u00f6nlicher Vereinbarung.<br \/><b>Teilnahmebedingung: <\/b>buchen\/absolvieren der Klassen 1 und 2<span class=\"pl-1\" ><span class=\"d-inline-block\" data-toggle=\"tooltip\" title=\"Klassen dieses Kurses m\u00fcssen fortlaufend gebucht und absolviert werden, beginnend mit Klasse 1.\" data-placement=\"bottom\" data-html=\"false\"><i class=\"fas fa-info-circle text-success\"><\/i><\/span><\/span><\/p>\n<hr>\n<\/div>\n<div>\n<h4 class=\"mb-2 pb-1\">Klasse 4: Aufstellung eines technischen Tradingplans<\/h4>\n<p>Oft scheitern Privattrader an der Einhaltung festgelegter technischer Regeln. Der Grund f\u00fcr dieses Verhalten ist die Abwesenheit eines klar strukturierten Tradingplans. Wie ein solcher Plan wirklich erstellt wird, lernst Du in dieser Klasse. Absolventen erhalten einen Excel Spreadsheet mit dessen Hilfe Regeln klar definiert werden und als stetiger Begleiter im Tradingalltag genutzt werden k\u00f6nnen.<\/p>\n<p><b>Dauer: <\/b>1 Stunde 30 Minuten<br \/><b>Datum: <\/b>Nach pers\u00f6nlicher Vereinbarung.<br \/><b>Teilnahmebedingung: <\/b>buchen\/absolvieren der Klassen 1, 2 und 3<span class=\"pl-1\" ><span class=\"d-inline-block\" data-toggle=\"tooltip\" title=\"Klassen dieses Kurses m\u00fcssen fortlaufend gebucht und absolviert werden, beginnend mit Klasse 1.\" data-placement=\"bottom\" data-html=\"false\"><i class=\"fas fa-info-circle text-success\"><\/i><\/span><\/span><\/p>\n<hr>\n<\/div>\n","protected":false},"excerpt":{"rendered":"<div class=\"pt-2 pb-2\">\n<b>Technisches Intensivcoaching 1-4<\/b><br \/>\nWSI Video Coaching, Dein Coach: Meikel Mokry (ex Wall Street Trader)<br \/>\n1 Benutzer pro Video Freischaltung<\/p>\n<p><span>Der Termin f\u00fcr die Ansicht des Videos wird<br \/>\nnach gegenseitiger Absprache vereinbart.<\/span><br \/>\n<span>(Produktbild kann vom Coachinginhalt abweichen.)<\/span><\/div>\n","protected":false},"featured_media":40,"template":"","meta":[],"product_brand":[],"product_cat":[112,113],"product_tag":[],"class_list":{"0":"post-3010","1":"product","2":"type-product","3":"status-publish","4":"has-post-thumbnail","6":"product_cat-coaching-videos","7":"product_cat-technisch-coaching-videos","9":"first","10":"instock","11":"virtual","12":"taxable","13":"purchasable","14":"product-type-simple"},"acf":[],"_links":{"self":[{"href":"https:\/\/wsi-capital.com\/de\/wp-json\/wp\/v2\/product\/3010","targetHints":{"allow":["GET"]}}],"collection":[{"href":"https:\/\/wsi-capital.com\/de\/wp-json\/wp\/v2\/product"}],"about":[{"href":"https:\/\/wsi-capital.com\/de\/wp-json\/wp\/v2\/types\/product"}],"wp:featuredmedia":[{"embeddable":true,"href":"https:\/\/wsi-capital.com\/de\/wp-json\/wp\/v2\/media\/40"}],"wp:attachment":[{"href":"https:\/\/wsi-capital.com\/de\/wp-json\/wp\/v2\/media?parent=3010"}],"wp:term":[{"taxonomy":"product_brand","embeddable":true,"href":"https:\/\/wsi-capital.com\/de\/wp-json\/wp\/v2\/product_brand?post=3010"},{"taxonomy":"product_cat","embeddable":true,"href":"https:\/\/wsi-capital.com\/de\/wp-json\/wp\/v2\/product_cat?post=3010"},{"taxonomy":"product_tag","embeddable":true,"href":"https:\/\/wsi-capital.com\/de\/wp-json\/wp\/v2\/product_tag?post=3010"}],"curies":[{"name":"wp","href":"https:\/\/api.w.org\/{rel}","templated":true}]}}