{"id":3011,"date":"2020-11-26T22:55:26","date_gmt":"2020-11-26T21:55:26","guid":{"rendered":"https:\/\/wsi-capital.com\/?post_type=product&#038;p=3011"},"modified":"2022-01-01T23:02:16","modified_gmt":"2022-01-01T22:02:16","slug":"quantitativ-klasse-1-4","status":"publish","type":"product","link":"https:\/\/wsi-capital.com\/de\/product\/quantitativ-klasse-1-4\/","title":{"rendered":"Quantitativ &#8211; Klasse 1 &#8211; 4"},"content":{"rendered":"<h4 class=\"mb-2 pb-1\">Klasse 1: Wahrscheinlichkeitstheorie<\/h4>\n<p>Langfristig profitables Trading kann mit der Wahrscheinlichkeitstheorie der Wall Street Banken erkl\u00e4rt werden. Wall Street Trader Michael f\u00fchrt Euch Schritt f\u00fcr Schritt an diese erfolgsbringende Theorie heran und untermauert zugeh\u00f6rige Konzepte mit praktischen Beispielen. Weiterhin werden m\u00f6gliche zuk\u00fcnftige Kapitalentwicklungen zusammen berechnet. Ehemalige Absolventen bezeichnen diese Klasse oft als &#8222;wahren Augen\u00f6ffner&#8220;.<\/p>\n<p><b>Dauer: <\/b>1 Stunde 30 Minuten<br \/><b>Datum: <\/b>Nach pers\u00f6nlicher Vereinbarung.<\/p>\n<h4 class=\"mb-2 pb-1\">Klasse 2: Positionsgr\u00f6\u00dfenberechnung &#038; Risikomanagement<\/h4>\n<p>Die Aspekte der in Klasse 1 besprochenen Wahrscheinlichkeitsstheorie werden in die Praxis umgesetz. Es wird aufgezeigt, warum eine variable Anpassung der Positionsgr\u00f6\u00dfe f\u00fcr jeden Trade langfristig zu enormen Renditevorteilen f\u00fchrt. Essenzielle Aspekte des Risikomanagements und der Positionsgr\u00f6\u00dfenberechnung werden hier in der Tiefe erkl\u00e4rt. Nach dieser Klasse k\u00f6nnen die ersten wichtigen Regeln des Systems auch schon in die Praxis umgesetzt werden.<\/p>\n<p><b>Dauer: <\/b>1 Stunde 30 Minuten<br \/><b>Datum: <\/b>Nach pers\u00f6nlicher Vereinbarung.<br \/><b>Teilnahmebedingung: <\/b>buchen\/absolvieren der Klasse 1<span class=\"pl-1\" ><span class=\"d-inline-block\" data-toggle=\"tooltip\" title=\"Klassen dieses Kurses m\u00fcssen fortlaufend gebucht und absolviert werden, beginnend mit Klasse 1.\" data-placement=\"bottom\" data-html=\"false\"><i class=\"fas fa-info-circle text-success\"><\/i><\/span><\/span>\n<\/p>\n<h4 class=\"mb-2 pb-1\">Klasse 3: Das Erkennen von Liquidit\u00e4tszonen<\/h4>\n<p>Welche Chartzonen dazu genutzt werden sollten um Trades zu er\u00f6ffnen ist eine der Schl\u00fcsselfragen in der Tradingszene. In dieser Klasse wird diese Frage eindrucksvoll beantwortet. Anhand von diversen Chartbeispielen wird der genaue Vorgang zur Identifikation wichtiger Liquiditit\u00e4tszonen einleuchtend aufgzeigt. Dar\u00fcberhinaus wird die Setzung von Stop Lossen und Take Profits erkl\u00e4rt. Die besprochenen technischen Konzepte kn\u00fcpfen natlos an die quantitativen Logiken der ersten beiden Klassen an.<\/p>\n<p><b>Dauer: <\/b>1 Stunde 30 Minuten<br \/><b>Datum: <\/b>Nach pers\u00f6nlicher Vereinbarung.<br \/><b>Teilnahmebedingung: <\/b>buchen\/absolvieren der Klassen 1 und 2<span class=\"pl-1\" ><span class=\"d-inline-block\" data-toggle=\"tooltip\" title=\"Klassen dieses Kurses m\u00fcssen fortlaufend gebucht und absolviert werden, beginnend mit Klasse 1.\" data-placement=\"bottom\" data-html=\"false\"><i class=\"fas fa-info-circle text-success\"><\/i><\/span><\/span>\n<\/p>\n<h4 class=\"mb-2 pb-1\">Klasse 4: Technische Einstiegsregeln<\/h4>\n<p>Werde Dein eigener Signalgeber! Mit dem Wissen der dritten Klasse im Hinterkopf wird Schritt f\u00fcr Schritt aufgezeigt, wie man lukrative Trade-Setups identifiziert. Du erh\u00e4lst eine visuelle Aufstellung aller relevanten Chart-Setups, welche mit praktischen Beispielen belegt sind. In dieser Klasse erh\u00e4lst Du ein klares Set an Ein- und Ausstiegsregeln, welches Du sofort f\u00fcr Dein Trading nutzen kannst.<\/p>\n<p><b>Dauer: <\/b>1 Stunde 30 Minuten<br \/><b>Datum: <\/b>Nach pers\u00f6nlicher Vereinbarung.<br \/><b>Teilnahmebedingung: <\/b>buchen\/absolvieren der Klassen 1, 2 und 3<span class=\"pl-1\" ><span class=\"d-inline-block\" data-toggle=\"tooltip\" title=\"Klassen dieses Kurses m\u00fcssen fortlaufend gebucht und absolviert werden, beginnend mit Klasse 1.\" data-placement=\"bottom\" data-html=\"false\"><i class=\"fas fa-info-circle text-success\"><\/i><\/span><\/span><\/p>\n","protected":false},"excerpt":{"rendered":"<div class=\"pt-2 pb-2\">\n<b>Quantitatives Wahrscheinlichkeitstrading 1-4<\/b><br \/>\nWSI Video Coaching, Dein Coach: Meikel Mokry (ex Wall Street Trader)<br \/>\n1 Benutzer pro Video Freischaltung<\/p>\n<p><span>Die Termine f\u00fcr die Ansicht der Videos werden<br \/>\nnach gegenseitiger Absprache vereinbart.<\/span><br \/>\n<span>(Produktbild kann vom Coachinginhalt abweichen.)<\/span><\/div>\n","protected":false},"featured_media":219,"template":"","meta":[],"product_brand":[],"product_cat":[112,54],"product_tag":[],"class_list":{"0":"post-3011","1":"product","2":"type-product","3":"status-publish","4":"has-post-thumbnail","6":"product_cat-coaching-videos","7":"product_cat-quantitatives-wahrscheinlichkeitstrading","9":"first","10":"instock","11":"virtual","12":"taxable","13":"purchasable","14":"product-type-simple"},"acf":[],"_links":{"self":[{"href":"https:\/\/wsi-capital.com\/de\/wp-json\/wp\/v2\/product\/3011","targetHints":{"allow":["GET"]}}],"collection":[{"href":"https:\/\/wsi-capital.com\/de\/wp-json\/wp\/v2\/product"}],"about":[{"href":"https:\/\/wsi-capital.com\/de\/wp-json\/wp\/v2\/types\/product"}],"wp:featuredmedia":[{"embeddable":true,"href":"https:\/\/wsi-capital.com\/de\/wp-json\/wp\/v2\/media\/219"}],"wp:attachment":[{"href":"https:\/\/wsi-capital.com\/de\/wp-json\/wp\/v2\/media?parent=3011"}],"wp:term":[{"taxonomy":"product_brand","embeddable":true,"href":"https:\/\/wsi-capital.com\/de\/wp-json\/wp\/v2\/product_brand?post=3011"},{"taxonomy":"product_cat","embeddable":true,"href":"https:\/\/wsi-capital.com\/de\/wp-json\/wp\/v2\/product_cat?post=3011"},{"taxonomy":"product_tag","embeddable":true,"href":"https:\/\/wsi-capital.com\/de\/wp-json\/wp\/v2\/product_tag?post=3011"}],"curies":[{"name":"wp","href":"https:\/\/api.w.org\/{rel}","templated":true}]}}