{"id":3019,"date":"2020-11-27T00:26:47","date_gmt":"2020-11-26T23:26:47","guid":{"rendered":"https:\/\/wsi-capital.com\/?post_type=product&#038;p=3019"},"modified":"2021-11-08T13:27:00","modified_gmt":"2021-11-08T12:27:00","slug":"quantitativ-klasse-1","status":"publish","type":"product","link":"https:\/\/wsi-capital.com\/de\/product\/quantitativ-klasse-1\/","title":{"rendered":"Quantitativ &#8211; Klasse 1"},"content":{"rendered":"<h4 class=\"mb-2 pb-1\">Klasse 1: Wahrscheinlichkeitstheorie<\/h4>\n<p>Langfristig profitables Trading kann mit der Wahrscheinlichkeitstheorie der Wall Street Banken erkl\u00e4rt werden. Wall Street Trader Michael f\u00fchrt Euch Schritt f\u00fcr Schritt an diese erfolgsbringende Theorie heran und untermauert zugeh\u00f6rige Konzepte mit praktischen Beispielen. Weiterhin werden m\u00f6gliche zuk\u00fcnftige Kapitalentwicklungen zusammen berechnet. Ehemalige Absolventen bezeichnen diese Klasse oft als &#8222;wahren Augen\u00f6ffner&#8220;.<\/p>\n<p><b>Dauer: <\/b>1 Stunde 30 Minuten<br \/><b>Datum: <\/b>Nach pers\u00f6nlicher Vereinbarung.<\/p>\n","protected":false},"excerpt":{"rendered":"<div class=\"pt-2 pb-2\">\n<b>Wahrscheinlichkeitstheorie<\/b><br \/>\nWSI Video Coaching, Dein Coach: Meikel Mokry (ex Wall Street Trader)<br \/>\n1 Benutzer pro Video Freischaltung<\/p>\n<p><span>Der Termin f\u00fcr die Ansicht des Videos wird<br \/>\nnach gegenseitiger Absprache vereinbart.<br \/>\n<\/span><\/div>\n","protected":false},"featured_media":221,"template":"","meta":[],"product_brand":[],"product_cat":[112,54],"product_tag":[],"class_list":{"0":"post-3019","1":"product","2":"type-product","3":"status-publish","4":"has-post-thumbnail","6":"product_cat-coaching-videos","7":"product_cat-quantitatives-wahrscheinlichkeitstrading","9":"first","10":"instock","11":"virtual","12":"taxable","13":"purchasable","14":"product-type-simple"},"acf":[],"_links":{"self":[{"href":"https:\/\/wsi-capital.com\/de\/wp-json\/wp\/v2\/product\/3019","targetHints":{"allow":["GET"]}}],"collection":[{"href":"https:\/\/wsi-capital.com\/de\/wp-json\/wp\/v2\/product"}],"about":[{"href":"https:\/\/wsi-capital.com\/de\/wp-json\/wp\/v2\/types\/product"}],"wp:featuredmedia":[{"embeddable":true,"href":"https:\/\/wsi-capital.com\/de\/wp-json\/wp\/v2\/media\/221"}],"wp:attachment":[{"href":"https:\/\/wsi-capital.com\/de\/wp-json\/wp\/v2\/media?parent=3019"}],"wp:term":[{"taxonomy":"product_brand","embeddable":true,"href":"https:\/\/wsi-capital.com\/de\/wp-json\/wp\/v2\/product_brand?post=3019"},{"taxonomy":"product_cat","embeddable":true,"href":"https:\/\/wsi-capital.com\/de\/wp-json\/wp\/v2\/product_cat?post=3019"},{"taxonomy":"product_tag","embeddable":true,"href":"https:\/\/wsi-capital.com\/de\/wp-json\/wp\/v2\/product_tag?post=3019"}],"curies":[{"name":"wp","href":"https:\/\/api.w.org\/{rel}","templated":true}]}}